{"id":3726,"date":"2019-11-15T11:43:03","date_gmt":"2019-11-15T10:43:03","guid":{"rendered":"https:\/\/eurocomp.se\/?post_type=product&#038;p=3726"},"modified":"2019-11-15T11:51:07","modified_gmt":"2019-11-15T10:51:07","slug":"jetcleaner-2500","status":"publish","type":"product","link":"https:\/\/eurocomp.se\/en\/product\/jetcleaner-2500\/","title":{"rendered":"Jetcleaner 2500"},"content":{"rendered":"<h3 id=\"tw-target-text\" class=\"tw-data-text tw-text-large tw-ta\" dir=\"ltr\" data-placeholder=\"\u00d6vers\u00e4ttning\"><span lang=\"sv\" tabindex=\"0\">M\u00e5ngsidig automatisk projektilkontroll<\/span><\/h3>\n<p class=\"tw-data-text tw-text-large tw-ta\" dir=\"ltr\" data-placeholder=\"\u00d6vers\u00e4ttning\"><span lang=\"sv\" tabindex=\"0\">JetCleaner 2500 APC \u00e4r en helautomatisk station f\u00f6r reng\u00f6ring av r\u00f6r och slangar &#8211; byggda f\u00f6r att m\u00f6ta individen kundernas behov. Den automatiska stationen kan ocks\u00e5 anpassas f\u00f6r r\u00f6rsm\u00f6rjning, rostskydd och andra applikationer. Projektiler matas in p\u00e5 fyra olika s\u00e4tt. <\/span><\/p>\n<p class=\"tw-data-text tw-text-large tw-ta\" dir=\"ltr\" data-placeholder=\"\u00d6vers\u00e4ttning\"><span lang=\"sv\" tabindex=\"0\">1) Genom att trycka r\u00f6ret \/ slangen mot startmunstycket. <\/span><\/p>\n<p class=\"tw-data-text tw-text-large tw-ta\" dir=\"ltr\" data-placeholder=\"\u00d6vers\u00e4ttning\"><span lang=\"sv\" tabindex=\"0\">2) Anv\u00e4nd en fotpedal. <\/span><\/p>\n<p class=\"tw-data-text tw-text-large tw-ta\" dir=\"ltr\" data-placeholder=\"\u00d6vers\u00e4ttning\"><span lang=\"sv\" tabindex=\"0\">3) Anv\u00e4nd en separat pistol p\u00e5 en f\u00f6rl\u00e4ngare. <\/span><\/p>\n<p class=\"tw-data-text tw-text-large tw-ta\" dir=\"ltr\" data-placeholder=\"\u00d6vers\u00e4ttning\"><span lang=\"sv\" tabindex=\"0\">4) Genom att anv\u00e4nda en robotcell. F\u00f6r att bekr\u00e4fta att reng\u00f6ringsprojektilen har passerat genom r\u00f6ret \/ slangen, kan JetCleaner vara utrustad med en projektilkontroll.<\/span><\/p>\n<h3 dir=\"ltr\" data-placeholder=\"\u00d6vers\u00e4ttning\">Price on request<\/h3>","protected":false},"excerpt":{"rendered":"<p>M\u00e5ngsidig automatisk projektilkontroll JetCleaner 2500 APC \u00e4r en helautomatisk station f\u00f6r reng\u00f6ring av r\u00f6r och slangar &#8211; byggda f\u00f6r att m\u00f6ta individen kundernas behov. Den automatiska stationen kan ocks\u00e5 anpassas f\u00f6r r\u00f6rsm\u00f6rjning, rostskydd och andra applikationer. Projektiler matas in p\u00e5 fyra olika s\u00e4tt. 1) Genom att trycka r\u00f6ret \/ slangen mot startmunstycket. 2) Anv\u00e4nd en [&hellip;]<\/p>","protected":false},"featured_media":3721,"comment_status":"closed","ping_status":"closed","template":"","meta":{"inline_featured_image":false,"_mi_skip_tracking":false},"product_cat":[78],"product_tag":[],"acf":[],"_links":{"self":[{"href":"https:\/\/eurocomp.se\/en\/wp-json\/wp\/v2\/product\/3726"}],"collection":[{"href":"https:\/\/eurocomp.se\/en\/wp-json\/wp\/v2\/product"}],"about":[{"href":"https:\/\/eurocomp.se\/en\/wp-json\/wp\/v2\/types\/product"}],"replies":[{"embeddable":true,"href":"https:\/\/eurocomp.se\/en\/wp-json\/wp\/v2\/comments?post=3726"}],"wp:featuredmedia":[{"embeddable":true,"href":"https:\/\/eurocomp.se\/en\/wp-json\/wp\/v2\/media\/3721"}],"wp:attachment":[{"href":"https:\/\/eurocomp.se\/en\/wp-json\/wp\/v2\/media?parent=3726"}],"wp:term":[{"taxonomy":"product_cat","embeddable":true,"href":"https:\/\/eurocomp.se\/en\/wp-json\/wp\/v2\/product_cat?post=3726"},{"taxonomy":"product_tag","embeddable":true,"href":"https:\/\/eurocomp.se\/en\/wp-json\/wp\/v2\/product_tag?post=3726"}],"curies":[{"name":"wp","href":"https:\/\/api.w.org\/{rel}","templated":true}]}}