{"id":3575,"date":"2019-09-24T11:03:35","date_gmt":"2019-09-24T09:03:35","guid":{"rendered":"https:\/\/eurocomp.se\/?post_type=product&#038;p=3575"},"modified":"2019-09-24T15:05:59","modified_gmt":"2019-09-24T13:05:59","slug":"ec-flexible-xxl-paket","status":"publish","type":"product","link":"https:\/\/eurocomp.se\/en\/product\/ec-flexible-xxl-paket\/","title":{"rendered":"EC Flexible XXL Package"},"content":{"rendered":"<h4>XXL<\/h4>\n<h4>Our best projectile with many applications<\/h4>\n<p>Made of soft, flexible polyurethane of quality 060 with extremely high cleaning potential.<\/p>\n<p>Meets ISO 4406 and ISO 4407 purity standards down to ISO 15\/13\/10 with a projectile from each direction. Easily manages all existing bends, spirals and major reductions. Compression capacity down to 50%.<\/p>\n<p>Free of PVC, PTFE and silicone.<\/p>\n<p class=\"p1\">When choosing a projectile size, it is our recommendation to use a projectile that is 20% larger than the inner diameter of the pipe \/ hose.<br \/>\nAlternatively do your own evaluation for<br \/>\nbest possible results.<\/p>\n<h4>Applications<\/h4>\n<ul>\n<li>Pipe<\/li>\n<li>Tube<\/li>\n<li>Heatchanger<\/li>\n<\/ul>","protected":false},"excerpt":{"rendered":"<p>XXL V\u00e5r b\u00e4sta projektil med m\u00e5nga anv\u00e4ndningsomr\u00e5den Tillverkad av mjuk, flexibel polyuretan i kvalit\u00e9 060 med extremt h\u00f6g reng\u00f6ringspotential. Uppfyller renhetsstandard ISO 4406 och ISO 4407 ner till ISO 15\/13\/10 med en projektil fr\u00e5n varje h\u00e5ll. Klarar enkelt alla f\u00f6rekommande b\u00f6jar, spiraler och st\u00f6rre reduktioner. Sammanpressningsf\u00f6rm\u00e5ga ner till 50%. Fri fr\u00e5n PVC, PTFE och silikon. [&hellip;]<\/p>","protected":false},"featured_media":1816,"comment_status":"closed","ping_status":"closed","template":"","meta":{"inline_featured_image":false,"_mi_skip_tracking":false},"product_cat":[77,47],"product_tag":[],"acf":[],"_links":{"self":[{"href":"https:\/\/eurocomp.se\/en\/wp-json\/wp\/v2\/product\/3575"}],"collection":[{"href":"https:\/\/eurocomp.se\/en\/wp-json\/wp\/v2\/product"}],"about":[{"href":"https:\/\/eurocomp.se\/en\/wp-json\/wp\/v2\/types\/product"}],"replies":[{"embeddable":true,"href":"https:\/\/eurocomp.se\/en\/wp-json\/wp\/v2\/comments?post=3575"}],"wp:featuredmedia":[{"embeddable":true,"href":"https:\/\/eurocomp.se\/en\/wp-json\/wp\/v2\/media\/1816"}],"wp:attachment":[{"href":"https:\/\/eurocomp.se\/en\/wp-json\/wp\/v2\/media?parent=3575"}],"wp:term":[{"taxonomy":"product_cat","embeddable":true,"href":"https:\/\/eurocomp.se\/en\/wp-json\/wp\/v2\/product_cat?post=3575"},{"taxonomy":"product_tag","embeddable":true,"href":"https:\/\/eurocomp.se\/en\/wp-json\/wp\/v2\/product_tag?post=3575"}],"curies":[{"name":"wp","href":"https:\/\/api.w.org\/{rel}","templated":true}]}}