{"id":2041,"date":"2019-06-05T11:18:16","date_gmt":"2019-06-05T09:18:16","guid":{"rendered":"http:\/\/w9.utvsajt.se\/?post_type=product&#038;p=2041"},"modified":"2019-08-26T10:43:20","modified_gmt":"2019-08-26T08:43:20","slug":"jetcleaner-classic-alligator","status":"publish","type":"product","link":"https:\/\/eurocomp.se\/en\/product\/jetcleaner-classic-alligator\/","title":{"rendered":"Jetcleaner Classic Alligator"},"content":{"rendered":"<p>Nozzle in black impact resistant thermoplastic with universal cone designed for cleaning hoses and pipes. The projectile is loaded manually into the tube \/ hose.<br \/>\nAdapter CL-unv-3000 passar b\u00e5de CL-unv-80 och CL-unv-120<\/p>","protected":false},"excerpt":{"rendered":"<p>Munstycke i svart slagt\u00e5lig termoplast med universalkona avsett f\u00f6r reng\u00f6ring av slang och r\u00f6r. Projektilen laddas manuellt i r\u00f6ret\/slangen. Adapter CL-unv-3000 passar b\u00e5de CL-unv-80 och CL-unv-120<\/p>","protected":false},"featured_media":2045,"comment_status":"open","ping_status":"closed","template":"","meta":{"inline_featured_image":false,"_mi_skip_tracking":false},"product_cat":[64,55,48],"product_tag":[],"acf":[],"_links":{"self":[{"href":"https:\/\/eurocomp.se\/en\/wp-json\/wp\/v2\/product\/2041"}],"collection":[{"href":"https:\/\/eurocomp.se\/en\/wp-json\/wp\/v2\/product"}],"about":[{"href":"https:\/\/eurocomp.se\/en\/wp-json\/wp\/v2\/types\/product"}],"replies":[{"embeddable":true,"href":"https:\/\/eurocomp.se\/en\/wp-json\/wp\/v2\/comments?post=2041"}],"wp:featuredmedia":[{"embeddable":true,"href":"https:\/\/eurocomp.se\/en\/wp-json\/wp\/v2\/media\/2045"}],"wp:attachment":[{"href":"https:\/\/eurocomp.se\/en\/wp-json\/wp\/v2\/media?parent=2041"}],"wp:term":[{"taxonomy":"product_cat","embeddable":true,"href":"https:\/\/eurocomp.se\/en\/wp-json\/wp\/v2\/product_cat?post=2041"},{"taxonomy":"product_tag","embeddable":true,"href":"https:\/\/eurocomp.se\/en\/wp-json\/wp\/v2\/product_tag?post=2041"}],"curies":[{"name":"wp","href":"https:\/\/api.w.org\/{rel}","templated":true}]}}