{"id":2032,"date":"2019-06-05T11:06:42","date_gmt":"2019-06-05T09:06:42","guid":{"rendered":"http:\/\/w9.utvsajt.se\/?post_type=product&#038;p=2032"},"modified":"2019-10-03T14:22:45","modified_gmt":"2019-10-03T12:22:45","slug":"mottagare","status":"publish","type":"product","link":"https:\/\/eurocomp.se\/en\/product\/mottagare\/","title":{"rendered":"Receiver"},"content":{"rendered":"<h4>Universal projectile receiver with projectile control<\/h4>\n<p>Projectile receiver adapted for\u00a0<strong>alla<\/strong>\u00a0our guns, with confirmation systems to check that the projectile fired really passed the hose or tube.<\/p>\n<p>Automatic stop and control light indicates whether or not the projectile has passed through the pipe or hose system. The solution is especially in demand in the manufacturing industry with computerized process monitoring.<\/p>\n<h4>Technical specifications<\/h4>","protected":false},"excerpt":{"rendered":"<p>Universiell projektilmottagare med projektilkontroll Projektilmottagare anpassad f\u00f6r\u00a0alla\u00a0v\u00e5ra pistoler, med bekr\u00e4ftelsesystem f\u00f6r att kontrollera att avfyrad projektil verkligen passerat slangen eller r\u00f6ret. Automatiskt stopp och kontroll-lampa indikerar om projektilen har eller inte har passerat r\u00f6r eller slang-systemet. L\u00f6sningen \u00e4r s\u00e4rskilt efterfr\u00e5gad inom tillverkningsindustrin med datoriserad process\u00f6vervakning. Tekniska specifikationer<\/p>","protected":false},"featured_media":2033,"comment_status":"open","ping_status":"closed","template":"","meta":{"inline_featured_image":false,"_mi_skip_tracking":false},"product_cat":[58],"product_tag":[],"acf":[],"_links":{"self":[{"href":"https:\/\/eurocomp.se\/en\/wp-json\/wp\/v2\/product\/2032"}],"collection":[{"href":"https:\/\/eurocomp.se\/en\/wp-json\/wp\/v2\/product"}],"about":[{"href":"https:\/\/eurocomp.se\/en\/wp-json\/wp\/v2\/types\/product"}],"replies":[{"embeddable":true,"href":"https:\/\/eurocomp.se\/en\/wp-json\/wp\/v2\/comments?post=2032"}],"wp:featuredmedia":[{"embeddable":true,"href":"https:\/\/eurocomp.se\/en\/wp-json\/wp\/v2\/media\/2033"}],"wp:attachment":[{"href":"https:\/\/eurocomp.se\/en\/wp-json\/wp\/v2\/media?parent=2032"}],"wp:term":[{"taxonomy":"product_cat","embeddable":true,"href":"https:\/\/eurocomp.se\/en\/wp-json\/wp\/v2\/product_cat?post=2032"},{"taxonomy":"product_tag","embeddable":true,"href":"https:\/\/eurocomp.se\/en\/wp-json\/wp\/v2\/product_tag?post=2032"}],"curies":[{"name":"wp","href":"https:\/\/api.w.org\/{rel}","templated":true}]}}