{"id":2012,"date":"2019-06-05T10:23:58","date_gmt":"2019-06-05T08:23:58","guid":{"rendered":"http:\/\/w9.utvsajt.se\/?post_type=product&#038;p=2012"},"modified":"2020-01-28T15:45:32","modified_gmt":"2020-01-28T14:45:32","slug":"jetcleaner-3000","status":"publish","type":"product","link":"https:\/\/eurocomp.se\/en\/product\/jetcleaner-3000\/","title":{"rendered":"Jetcleaner 3000"},"content":{"rendered":"<p>Bench mounted machine for cleaning hoses and pipes.<br \/>\nsimple and fast machine for hose ID 3\/16 - 1 1\/4 and pipe ID 6mm - 13mm.<\/p>\n<p>A projectile is dropped into the machine and the hose or tube is pressed against the nozzle.<br \/>\nThe projectile is then released by pressing the foot control.<br \/>\nJetcleaner 3000 uses Jetcleaner Classics-munstycken with an adapter<\/p>\n<p>(Note must be used with our controller)<\/p>","protected":false},"excerpt":{"rendered":"<p>B\u00e4nkmonterad maskin f\u00f6r reng\u00f6ring av slangar och r\u00f6r. enkel och snabb maskin f\u00f6r slang ID 3\/16 &#8211; 1 1\/4 och r\u00f6r ID 6mm &#8211; 31mm. En projektil tappas in i maskinen och slangen eller r\u00f6ret pressas mot munstycket. Projektilen sl\u00e4pps sedan genom att trycka ner fotpedalen. Jetcleaner 3000 anv\u00e4nder Jetcleaner Classics-munstycken med en adapter (obs [&hellip;]<\/p>","protected":false},"featured_media":2011,"comment_status":"open","ping_status":"closed","template":"","meta":{"inline_featured_image":false,"_mi_skip_tracking":false},"product_cat":[57],"product_tag":[],"acf":[],"_links":{"self":[{"href":"https:\/\/eurocomp.se\/en\/wp-json\/wp\/v2\/product\/2012"}],"collection":[{"href":"https:\/\/eurocomp.se\/en\/wp-json\/wp\/v2\/product"}],"about":[{"href":"https:\/\/eurocomp.se\/en\/wp-json\/wp\/v2\/types\/product"}],"replies":[{"embeddable":true,"href":"https:\/\/eurocomp.se\/en\/wp-json\/wp\/v2\/comments?post=2012"}],"wp:featuredmedia":[{"embeddable":true,"href":"https:\/\/eurocomp.se\/en\/wp-json\/wp\/v2\/media\/2011"}],"wp:attachment":[{"href":"https:\/\/eurocomp.se\/en\/wp-json\/wp\/v2\/media?parent=2012"}],"wp:term":[{"taxonomy":"product_cat","embeddable":true,"href":"https:\/\/eurocomp.se\/en\/wp-json\/wp\/v2\/product_cat?post=2012"},{"taxonomy":"product_tag","embeddable":true,"href":"https:\/\/eurocomp.se\/en\/wp-json\/wp\/v2\/product_tag?post=2012"}],"curies":[{"name":"wp","href":"https:\/\/api.w.org\/{rel}","templated":true}]}}