{"id":1916,"date":"2019-03-27T11:47:55","date_gmt":"2019-03-27T10:47:55","guid":{"rendered":"http:\/\/w9.utvsajt.se\/?post_type=product&#038;p=1916"},"modified":"2019-08-26T11:37:39","modified_gmt":"2019-08-26T09:37:39","slug":"jetcleaner-classic-slangmunstycke-stal","status":"publish","type":"product","link":"https:\/\/eurocomp.se\/en\/product\/jetcleaner-classic-slangmunstycke-stal\/","title":{"rendered":"Jetcleaner Classic \u2013 Tubenozzle (steel)"},"content":{"rendered":"<p>Nickel-plated steel nozzle for hose cleaning. Extra durable nozzle. Available in several different sizes, see product list for complete list. Some sizes require adapter ring.<\/p>\n<p class=\"p2\">NOTE: For nozzle CL-2090-03-S to CL-2170-20-S, adapter ring item no. <a href=\"https:\/\/eurocomp.se\/en\/product\/jetcleaner-classic-adapterring\/\">CL-3000<\/a><\/p>","protected":false},"excerpt":{"rendered":"<p>Munstycke i f\u00f6rnicklat st\u00e5l avsett f\u00f6r reng\u00f6ring av slang. Extra slitstarkt munstycke. Finns i flera olika storlekar, se nedan f\u00f6r komplett f\u00f6rteckning. Vissa storlekar kr\u00e4ver adapterring. OBS: F\u00f6r munstycke CL-2090-03-S till CL-2170-20-S beh\u00f6vs adapterring artikel nr. CL-3000<\/p>","protected":false},"featured_media":2019,"comment_status":"open","ping_status":"closed","template":"","meta":{"inline_featured_image":false,"_mi_skip_tracking":false},"product_cat":[70,55,48],"product_tag":[],"acf":[],"_links":{"self":[{"href":"https:\/\/eurocomp.se\/en\/wp-json\/wp\/v2\/product\/1916"}],"collection":[{"href":"https:\/\/eurocomp.se\/en\/wp-json\/wp\/v2\/product"}],"about":[{"href":"https:\/\/eurocomp.se\/en\/wp-json\/wp\/v2\/types\/product"}],"replies":[{"embeddable":true,"href":"https:\/\/eurocomp.se\/en\/wp-json\/wp\/v2\/comments?post=1916"}],"wp:featuredmedia":[{"embeddable":true,"href":"https:\/\/eurocomp.se\/en\/wp-json\/wp\/v2\/media\/2019"}],"wp:attachment":[{"href":"https:\/\/eurocomp.se\/en\/wp-json\/wp\/v2\/media?parent=1916"}],"wp:term":[{"taxonomy":"product_cat","embeddable":true,"href":"https:\/\/eurocomp.se\/en\/wp-json\/wp\/v2\/product_cat?post=1916"},{"taxonomy":"product_tag","embeddable":true,"href":"https:\/\/eurocomp.se\/en\/wp-json\/wp\/v2\/product_tag?post=1916"}],"curies":[{"name":"wp","href":"https:\/\/api.w.org\/{rel}","templated":true}]}}