{"id":1912,"date":"2019-03-27T11:31:19","date_gmt":"2019-03-27T10:31:19","guid":{"rendered":"http:\/\/w9.utvsajt.se\/?post_type=product&#038;p=1912"},"modified":"2019-09-24T08:56:35","modified_gmt":"2019-09-24T06:56:35","slug":"grinding","status":"publish","type":"product","link":"https:\/\/eurocomp.se\/en\/product\/grinding\/","title":{"rendered":"Grinding"},"content":{"rendered":"<h4>A projectile with abrasive effect<\/h4>\n<p>Tillverkad av medelh\u00e5rd, flexibel polyuretan med grovkornig yta. Projektilen kan \u00e5teranv\u00e4ndas. Reng\u00f6r alltid r\u00f6ret med v\u00e5r EC Flexibleprojektil efter anv\u00e4ndande av grinding-projektilen. Sammanpressningsf\u00f6rm\u00e5ga ner till 5%.<\/p>\n<p>Free of PVC, PTFE and silicone.<\/p>\n<p class=\"p2\">When choosing a projectile size, it is our recommendation to use a projectile that is 20% larger than the inner diameter of the pipe \/ hose.<\/p>\n<h4>Applications<\/h4>\n<ul>\n<li>Verry dirty pipes<\/li>\n<li>Gravt smutsiga och sotiga r\u00f6r<\/li>\n<\/ul>","protected":false},"excerpt":{"rendered":"<p>En projektil med slipande effekt Tillverkad av medelh\u00e5rd, flexibel polyuretan med grovkornig yta. Projektilen kan \u00e5teranv\u00e4ndas. Reng\u00f6r alltid r\u00f6ret med v\u00e5r EC Flexibleprojektil efter anv\u00e4ndande av grinding-projektilen. Sammanpressningsf\u00f6rm\u00e5ga ner till 5%. Fri fr\u00e5n PVC, PTFE och silikon. Vid val av projektilstorlek \u00e4r det v\u00e5r rekommendation att anv\u00e4nda en projektil som \u00e4r 5% st\u00f6rre \u00e4n r\u00f6r\/slangens [&hellip;]<\/p>","protected":false},"featured_media":1913,"comment_status":"open","ping_status":"closed","template":"","meta":{"inline_featured_image":false,"_mi_skip_tracking":false},"product_cat":[74,47],"product_tag":[],"acf":[],"_links":{"self":[{"href":"https:\/\/eurocomp.se\/en\/wp-json\/wp\/v2\/product\/1912"}],"collection":[{"href":"https:\/\/eurocomp.se\/en\/wp-json\/wp\/v2\/product"}],"about":[{"href":"https:\/\/eurocomp.se\/en\/wp-json\/wp\/v2\/types\/product"}],"replies":[{"embeddable":true,"href":"https:\/\/eurocomp.se\/en\/wp-json\/wp\/v2\/comments?post=1912"}],"wp:featuredmedia":[{"embeddable":true,"href":"https:\/\/eurocomp.se\/en\/wp-json\/wp\/v2\/media\/1913"}],"wp:attachment":[{"href":"https:\/\/eurocomp.se\/en\/wp-json\/wp\/v2\/media?parent=1912"}],"wp:term":[{"taxonomy":"product_cat","embeddable":true,"href":"https:\/\/eurocomp.se\/en\/wp-json\/wp\/v2\/product_cat?post=1912"},{"taxonomy":"product_tag","embeddable":true,"href":"https:\/\/eurocomp.se\/en\/wp-json\/wp\/v2\/product_tag?post=1912"}],"curies":[{"name":"wp","href":"https:\/\/api.w.org\/{rel}","templated":true}]}}