{"id":1910,"date":"2019-03-27T11:26:46","date_gmt":"2019-03-27T10:26:46","guid":{"rendered":"http:\/\/w9.utvsajt.se\/?post_type=product&#038;p=1910"},"modified":"2019-09-24T08:56:03","modified_gmt":"2019-09-24T06:56:03","slug":"abrasiv-projektil","status":"publish","type":"product","link":"https:\/\/eurocomp.se\/en\/product\/abrasiv-projektil\/","title":{"rendered":"Abrasive Projectile"},"content":{"rendered":"<h4>A projectile with abrasive effect<\/h4>\n<p>The abrasive projectile is made of medium-density, high-density polyurethane and has an abrasive surface on top. The projectile is suitable for removing rust and glow shell from metal pipes and is often used to clean steam pipes, cooling pipes and to remove soot deposits in oil lines. Compression capacity down to 5%.<\/p>\n<p>Free of PVC, PTFE and silicone.<\/p>\n<p class=\"p2\">When choosing a projectile size, it is our recommendation to use a projectile that is 20% larger than the inner diameter of the pipe \/ hose.<\/p>\n<h4>Applications<\/h4>\n<ul>\n<li>Internally rusty pipes<\/li>\n<li>Dirty tubes<\/li>\n<li>Heatchanger<\/li>\n<\/ul>","protected":false},"excerpt":{"rendered":"<p>En projektil med slipande effekt Den abrasiva projektilen \u00e4r tillverkad i medelh\u00e5rd polyuretan med h\u00f6g densitet och har en slipande yta p\u00e5 toppen. Projektilen l\u00e4mpar sig f\u00f6r borttagning av rost och gl\u00f6dskal fr\u00e5n metallr\u00f6r och anv\u00e4nds ofta f\u00f6r att reng\u00f6ra \u00e5ngr\u00f6r, kylr\u00f6r samt f\u00f6r att ta bort sotavlagringar i oljeledningar. Sammanpressningsf\u00f6rm\u00e5ga ner till 5%. Fri [&hellip;]<\/p>","protected":false},"featured_media":1911,"comment_status":"open","ping_status":"closed","template":"","meta":{"inline_featured_image":false,"_mi_skip_tracking":false},"product_cat":[75,47],"product_tag":[],"acf":[],"_links":{"self":[{"href":"https:\/\/eurocomp.se\/en\/wp-json\/wp\/v2\/product\/1910"}],"collection":[{"href":"https:\/\/eurocomp.se\/en\/wp-json\/wp\/v2\/product"}],"about":[{"href":"https:\/\/eurocomp.se\/en\/wp-json\/wp\/v2\/types\/product"}],"replies":[{"embeddable":true,"href":"https:\/\/eurocomp.se\/en\/wp-json\/wp\/v2\/comments?post=1910"}],"wp:featuredmedia":[{"embeddable":true,"href":"https:\/\/eurocomp.se\/en\/wp-json\/wp\/v2\/media\/1911"}],"wp:attachment":[{"href":"https:\/\/eurocomp.se\/en\/wp-json\/wp\/v2\/media?parent=1910"}],"wp:term":[{"taxonomy":"product_cat","embeddable":true,"href":"https:\/\/eurocomp.se\/en\/wp-json\/wp\/v2\/product_cat?post=1910"},{"taxonomy":"product_tag","embeddable":true,"href":"https:\/\/eurocomp.se\/en\/wp-json\/wp\/v2\/product_tag?post=1910"}],"curies":[{"name":"wp","href":"https:\/\/api.w.org\/{rel}","templated":true}]}}