{"id":1808,"date":"2019-03-22T11:08:56","date_gmt":"2019-03-22T10:08:56","guid":{"rendered":"http:\/\/w9.utvsajt.se\/?post_type=product&#038;p=1808"},"modified":"2019-10-03T14:01:00","modified_gmt":"2019-10-03T12:01:00","slug":"jetcleaner-cobra","status":"publish","type":"product","link":"https:\/\/eurocomp.se\/en\/product\/jetcleaner-cobra\/","title":{"rendered":"Jetcleaner Cobra"},"content":{"rendered":"<h4>21st century cleaning gun for internal cleaning of pipes and hoses!<\/h4>\n<p>Eurocomp's latest super lightweight construction in impact resistant thermoplastic. Semi-automatic gun with pneumatic function for quick and easy charging of the projectile.<\/p>\n<p><strong>Userfriendly<\/strong><br \/>\nThe handle is ergonomically designed.<\/p>\n<p><strong>Easy<\/strong><br \/>\nThe new gun in impact-resistant thermoplastic weighs only 0.3 kg<\/p>\n<p class=\" translation-block\"><strong> Fast &amp; Efficient <\/strong> <br>\nThe new pneumatically driven charge <br>\nhalves the load time against previous systems. <br>\nProjectiles and nozzles for Jetcleaner Cobra <br>\navailable for hose with dimension 3\/16 \u201d- 2\u201d, <br>\nand pipes with outer diameter 6 - 60 mm. <br>\n<strong> Working pressure: <\/strong> 6-7 (max 7.0) bar <br>\n<strong> Connection: <\/strong> G 1\/4 \u2033 <br>\nPat. pending <br>\n<em> Contact us for more information and pricing. <\/em><\/p>","protected":false},"excerpt":{"rendered":"<p>2000-talets renspistol f\u00f6r inv\u00e4ndig reng\u00f6ring av r\u00f6r och slang! Eurocomps senaste superl\u00e4tta konstruktion i slagt\u00e5lig termoplast. Semiautomatisk pistol med pneumatisk funktion f\u00f6r snabb och enkel laddning av projektilen. Anv\u00e4ndarv\u00e4nlig Handtaget \u00e4r ergonomiskt utformat. L\u00e4tt Den nya pistolen i slagt\u00e5lig termoplast v\u00e4ger endast 0,3 kg Snabb &amp; Effektiv Den nya pneumatiskt drivna laddningen halverar laddtiden mot [&hellip;]<\/p>","protected":false},"featured_media":2007,"comment_status":"open","ping_status":"closed","template":"","meta":{"inline_featured_image":false,"_mi_skip_tracking":false},"product_cat":[53,59],"product_tag":[],"acf":[],"_links":{"self":[{"href":"https:\/\/eurocomp.se\/en\/wp-json\/wp\/v2\/product\/1808"}],"collection":[{"href":"https:\/\/eurocomp.se\/en\/wp-json\/wp\/v2\/product"}],"about":[{"href":"https:\/\/eurocomp.se\/en\/wp-json\/wp\/v2\/types\/product"}],"replies":[{"embeddable":true,"href":"https:\/\/eurocomp.se\/en\/wp-json\/wp\/v2\/comments?post=1808"}],"wp:featuredmedia":[{"embeddable":true,"href":"https:\/\/eurocomp.se\/en\/wp-json\/wp\/v2\/media\/2007"}],"wp:attachment":[{"href":"https:\/\/eurocomp.se\/en\/wp-json\/wp\/v2\/media?parent=1808"}],"wp:term":[{"taxonomy":"product_cat","embeddable":true,"href":"https:\/\/eurocomp.se\/en\/wp-json\/wp\/v2\/product_cat?post=1808"},{"taxonomy":"product_tag","embeddable":true,"href":"https:\/\/eurocomp.se\/en\/wp-json\/wp\/v2\/product_tag?post=1808"}],"curies":[{"name":"wp","href":"https:\/\/api.w.org\/{rel}","templated":true}]}}