{"id":1605,"date":"2019-02-25T10:59:25","date_gmt":"2019-02-25T09:59:25","guid":{"rendered":"http:\/\/w9.utvsajt.se\/?post_type=product&#038;p=1605"},"modified":"2019-10-03T13:50:12","modified_gmt":"2019-10-03T11:50:12","slug":"jetcleaner-classic","status":"publish","type":"product","link":"https:\/\/eurocomp.se\/en\/product\/jetcleaner-classic\/","title":{"rendered":"Jetcleaner Classic"},"content":{"rendered":"<h4><strong>With few tough parts and steady pistol grip, it's one in the almost indestructible gun<\/strong><\/h4>\n<p>Made of cast aluminum. The gun that changed the industry in cleaning with projectiles. Charged lightly with a simple thumb pressure, opening the nozzle and charging a new projectile.<\/p>","protected":false},"excerpt":{"rendered":"<p>Med f\u00e5 slitdelar och stadigt pistolgrepp \u00e4r det en i det n\u00e4rmaste outslitlig pistol Tillverkad i gjuten aluminium. Pistolen som f\u00f6r\u00e4ndrade branschen inom reng\u00f6ring med projektiler. Laddas l\u00e4tt med ett enkelt tumtryck varvid munstycket \u00f6ppnas och ny projektil kan laddas.<\/p>","protected":false},"featured_media":2010,"comment_status":"open","ping_status":"closed","template":"","meta":{"inline_featured_image":false,"_mi_skip_tracking":false},"product_cat":[54,60],"product_tag":[],"acf":[],"_links":{"self":[{"href":"https:\/\/eurocomp.se\/en\/wp-json\/wp\/v2\/product\/1605"}],"collection":[{"href":"https:\/\/eurocomp.se\/en\/wp-json\/wp\/v2\/product"}],"about":[{"href":"https:\/\/eurocomp.se\/en\/wp-json\/wp\/v2\/types\/product"}],"replies":[{"embeddable":true,"href":"https:\/\/eurocomp.se\/en\/wp-json\/wp\/v2\/comments?post=1605"}],"wp:featuredmedia":[{"embeddable":true,"href":"https:\/\/eurocomp.se\/en\/wp-json\/wp\/v2\/media\/2010"}],"wp:attachment":[{"href":"https:\/\/eurocomp.se\/en\/wp-json\/wp\/v2\/media?parent=1605"}],"wp:term":[{"taxonomy":"product_cat","embeddable":true,"href":"https:\/\/eurocomp.se\/en\/wp-json\/wp\/v2\/product_cat?post=1605"},{"taxonomy":"product_tag","embeddable":true,"href":"https:\/\/eurocomp.se\/en\/wp-json\/wp\/v2\/product_tag?post=1605"}],"curies":[{"name":"wp","href":"https:\/\/api.w.org\/{rel}","templated":true}]}}