{"id":1539,"date":"2018-06-04T09:02:15","date_gmt":"2018-06-04T07:02:15","guid":{"rendered":"http:\/\/w9.utvsajt.se\/?page_id=1539"},"modified":"2019-09-25T13:57:07","modified_gmt":"2019-09-25T11:57:07","slug":"metod","status":"publish","type":"page","link":"https:\/\/eurocomp.se\/en\/metod\/","title":{"rendered":"Metod"},"content":{"rendered":"<div data-elementor-type=\"wp-post\" data-elementor-id=\"1539\" class=\"elementor elementor-1539\">\n\t\t\t\t\t\t<div class=\"elementor-inner\">\n\t\t\t\t<div class=\"elementor-section-wrap\">\n\t\t\t\t\t\t\t\t\t<section class=\"elementor-section elementor-top-section elementor-element elementor-element-6e8c5be6 elementor-section-height-min-height elementor-section-boxed elementor-section-height-default elementor-section-items-middle\" data-id=\"6e8c5be6\" data-element_type=\"section\" data-settings=\"{&quot;background_background&quot;:&quot;classic&quot;}\">\n\t\t\t\t\t\t\t<div class=\"elementor-background-overlay\"><\/div>\n\t\t\t\t\t\t\t<div class=\"elementor-container elementor-column-gap-default\">\n\t\t\t\t\t\t\t<div class=\"elementor-row\">\n\t\t\t\t\t<div class=\"elementor-column elementor-col-50 elementor-top-column elementor-element elementor-element-435b685d\" data-id=\"435b685d\" data-element_type=\"column\">\n\t\t\t<div class=\"elementor-column-wrap elementor-element-populated\">\n\t\t\t\t\t\t\t<div class=\"elementor-widget-wrap\">\n\t\t\t\t\t\t<div class=\"elementor-element elementor-element-2e6cd6e6 elementor-widget elementor-widget-heading\" data-id=\"2e6cd6e6\" data-element_type=\"widget\" data-widget_type=\"heading.default\">\n\t\t\t\t<div class=\"elementor-widget-container\">\n\t\t\t<h2 class=\"elementor-heading-title elementor-size-large\">Our method<\/h2>\t\t<\/div>\n\t\t\t\t<\/div>\n\t\t\t\t<div class=\"elementor-element elementor-element-b21a10a elementor-widget elementor-widget-text-editor\" data-id=\"b21a10a\" data-element_type=\"widget\" data-widget_type=\"text-editor.default\">\n\t\t\t\t<div class=\"elementor-widget-container\">\n\t\t\t\t\t\t\t\t<div class=\"elementor-text-editor elementor-clearfix\">\n\t\t\t\t<p>The JETCLEANER system is based on the simple principle that a dry projectile is pressed with about 8 bars of air pressure through a pipe or hose and takes all the dirt. Lengths up to several hundred meters can be cleaned depending on the compressor air capacity. The use is both simple and time-efficient and the method provides a documented efficient cleaning according to ISO 4406 and ISO 4407 purity standard, which is a requirement in most industries today.<\/p>\t\t\t\t\t<\/div>\n\t\t\t\t\t\t<\/div>\n\t\t\t\t<\/div>\n\t\t\t\t\t\t<\/div>\n\t\t\t\t\t<\/div>\n\t\t<\/div>\n\t\t\t\t<div class=\"elementor-column elementor-col-50 elementor-top-column elementor-element elementor-element-25582ce7\" data-id=\"25582ce7\" data-element_type=\"column\">\n\t\t\t<div class=\"elementor-column-wrap elementor-element-populated\">\n\t\t\t\t\t\t\t<div class=\"elementor-widget-wrap\">\n\t\t\t\t\t\t<div class=\"elementor-element elementor-element-879a0d2 elementor-widget elementor-widget-image\" data-id=\"879a0d2\" data-element_type=\"widget\" data-widget_type=\"image.default\">\n\t\t\t\t<div class=\"elementor-widget-container\">\n\t\t\t\t\t\t\t\t<div class=\"elementor-image\">\n\t\t\t\t\t\t\t\t\t\t\t\t<img decoding=\"async\" width=\"1024\" height=\"419\" src=\"https:\/\/eurocomp.se\/wp-content\/uploads\/2018\/06\/eurocomp_metod_narbild-1024x419.jpg\" class=\"attachment-large size-large wp-image-1543\" alt=\"\" loading=\"lazy\" srcset=\"https:\/\/eurocomp.se\/wp-content\/uploads\/2018\/06\/eurocomp_metod_narbild-1024x419.jpg 1024w, https:\/\/eurocomp.se\/wp-content\/uploads\/2018\/06\/eurocomp_metod_narbild-300x123.jpg 300w, https:\/\/eurocomp.se\/wp-content\/uploads\/2018\/06\/eurocomp_metod_narbild-768x314.jpg 768w, https:\/\/eurocomp.se\/wp-content\/uploads\/2018\/06\/eurocomp_metod_narbild.jpg 1100w\" sizes=\"(max-width: 1024px) 100vw, 1024px\" \/>\t\t\t\t\t\t\t\t\t\t\t\t\t\t<\/div>\n\t\t\t\t\t\t<\/div>\n\t\t\t\t<\/div>\n\t\t\t\t\t\t<\/div>\n\t\t\t\t\t<\/div>\n\t\t<\/div>\n\t\t\t\t\t\t\t\t<\/div>\n\t\t\t\t\t<\/div>\n\t\t<\/section>\n\t\t\t\t<section class=\"elementor-section elementor-top-section elementor-element elementor-element-699d943 elementor-reverse-mobile elementor-section-boxed elementor-section-height-default elementor-section-height-default\" data-id=\"699d943\" data-element_type=\"section\">\n\t\t\t\t\t\t<div class=\"elementor-container elementor-column-gap-default\">\n\t\t\t\t\t\t\t<div class=\"elementor-row\">\n\t\t\t\t\t<div class=\"elementor-column elementor-col-50 elementor-top-column elementor-element elementor-element-9f531e8\" data-id=\"9f531e8\" data-element_type=\"column\">\n\t\t\t<div class=\"elementor-column-wrap elementor-element-populated\">\n\t\t\t\t\t\t\t<div class=\"elementor-widget-wrap\">\n\t\t\t\t\t\t<div class=\"elementor-element elementor-element-ed96597 elementor-widget elementor-widget-image\" data-id=\"ed96597\" data-element_type=\"widget\" data-widget_type=\"image.default\">\n\t\t\t\t<div class=\"elementor-widget-container\">\n\t\t\t\t\t\t\t\t<div class=\"elementor-image\">\n\t\t\t\t\t\t\t\t\t\t\t\t<img decoding=\"async\" width=\"1024\" height=\"419\" src=\"https:\/\/eurocomp.se\/wp-content\/uploads\/2019\/06\/eurocomp_metod-1024x419.jpg\" class=\"attachment-large size-large wp-image-2135\" alt=\"\" loading=\"lazy\" srcset=\"https:\/\/eurocomp.se\/wp-content\/uploads\/2019\/06\/eurocomp_metod-1024x419.jpg 1024w, https:\/\/eurocomp.se\/wp-content\/uploads\/2019\/06\/eurocomp_metod-300x123.jpg 300w, https:\/\/eurocomp.se\/wp-content\/uploads\/2019\/06\/eurocomp_metod-450x184.jpg 450w, https:\/\/eurocomp.se\/wp-content\/uploads\/2019\/06\/eurocomp_metod-768x314.jpg 768w, https:\/\/eurocomp.se\/wp-content\/uploads\/2019\/06\/eurocomp_metod.jpg 1100w\" sizes=\"(max-width: 1024px) 100vw, 1024px\" \/>\t\t\t\t\t\t\t\t\t\t\t\t\t\t<\/div>\n\t\t\t\t\t\t<\/div>\n\t\t\t\t<\/div>\n\t\t\t\t\t\t<\/div>\n\t\t\t\t\t<\/div>\n\t\t<\/div>\n\t\t\t\t<div class=\"elementor-column elementor-col-50 elementor-top-column elementor-element elementor-element-b2979f8\" data-id=\"b2979f8\" data-element_type=\"column\">\n\t\t\t<div class=\"elementor-column-wrap elementor-element-populated\">\n\t\t\t\t\t\t\t<div class=\"elementor-widget-wrap\">\n\t\t\t\t\t\t<div class=\"elementor-element elementor-element-124eb29 elementor-widget elementor-widget-heading\" data-id=\"124eb29\" data-element_type=\"widget\" data-widget_type=\"heading.default\">\n\t\t\t\t<div class=\"elementor-widget-container\">\n\t\t\t<h2 class=\"elementor-heading-title elementor-size-large\">Choose the right projectile<\/h2>\t\t<\/div>\n\t\t\t\t<\/div>\n\t\t\t\t<div class=\"elementor-element elementor-element-020c4d4 elementor-widget elementor-widget-text-editor\" data-id=\"020c4d4\" data-element_type=\"widget\" data-widget_type=\"text-editor.default\">\n\t\t\t\t<div class=\"elementor-widget-container\">\n\t\t\t\t\t\t\t\t<div class=\"elementor-text-editor elementor-clearfix\">\n\t\t\t\t<p>Depending on what you are cleaning, it is essential to choose the right projectile to achieve a satisfactory result. Do you clean a hose or pipe, what material and dimensions it has, what kind of dirt should be removed and how many bends are there?<\/p><p>Our soft projectiles absorb and wipe away the particles while the coarse projectiles grind and tear away the dirt<\/p>\t\t\t\t\t<\/div>\n\t\t\t\t\t\t<\/div>\n\t\t\t\t<\/div>\n\t\t\t\t\t\t<\/div>\n\t\t\t\t\t<\/div>\n\t\t<\/div>\n\t\t\t\t\t\t\t\t<\/div>\n\t\t\t\t\t<\/div>\n\t\t<\/section>\n\t\t\t\t<section class=\"elementor-section elementor-top-section elementor-element elementor-element-32f9bf6 elementor-section-boxed elementor-section-height-default elementor-section-height-default\" data-id=\"32f9bf6\" data-element_type=\"section\">\n\t\t\t\t\t\t<div class=\"elementor-container elementor-column-gap-default\">\n\t\t\t\t\t\t\t<div class=\"elementor-row\">\n\t\t\t\t\t<div class=\"elementor-column elementor-col-50 elementor-top-column elementor-element elementor-element-0547281\" data-id=\"0547281\" data-element_type=\"column\">\n\t\t\t<div class=\"elementor-column-wrap elementor-element-populated\">\n\t\t\t\t\t\t\t<div class=\"elementor-widget-wrap\">\n\t\t\t\t\t\t<div class=\"elementor-element elementor-element-568fa13 elementor-widget elementor-widget-heading\" data-id=\"568fa13\" data-element_type=\"widget\" data-widget_type=\"heading.default\">\n\t\t\t\t<div class=\"elementor-widget-container\">\n\t\t\t<h2 class=\"elementor-heading-title elementor-size-large\">Pistols and firing stations<\/h2>\t\t<\/div>\n\t\t\t\t<\/div>\n\t\t\t\t<div class=\"elementor-element elementor-element-5915f41 elementor-widget elementor-widget-text-editor\" data-id=\"5915f41\" data-element_type=\"widget\" data-widget_type=\"text-editor.default\">\n\t\t\t\t<div class=\"elementor-widget-container\">\n\t\t\t\t\t\t\t\t<div class=\"elementor-text-editor elementor-clearfix\">\n\t\t\t\t<p>Over the years, Eurocomp has developed a series of pistols and firing stations to meet the needs of the industry. So whether you need a permanent firing station in a production line, a durable gun for service within your own business or a more mobile solution for individual assignments, we have a product that fits.<\/p>\t\t\t\t\t<\/div>\n\t\t\t\t\t\t<\/div>\n\t\t\t\t<\/div>\n\t\t\t\t\t\t<\/div>\n\t\t\t\t\t<\/div>\n\t\t<\/div>\n\t\t\t\t<div class=\"elementor-column elementor-col-50 elementor-top-column elementor-element elementor-element-1bbcc6c\" data-id=\"1bbcc6c\" data-element_type=\"column\">\n\t\t\t<div class=\"elementor-column-wrap elementor-element-populated\">\n\t\t\t\t\t\t\t<div class=\"elementor-widget-wrap\">\n\t\t\t\t\t\t<div class=\"elementor-element elementor-element-8d7d00d elementor-widget elementor-widget-image\" data-id=\"8d7d00d\" data-element_type=\"widget\" data-widget_type=\"image.default\">\n\t\t\t\t<div class=\"elementor-widget-container\">\n\t\t\t\t\t\t\t\t<div class=\"elementor-image\">\n\t\t\t\t\t\t\t\t\t\t\t\t<img decoding=\"async\" width=\"750\" height=\"600\" src=\"https:\/\/eurocomp.se\/wp-content\/uploads\/2018\/05\/eurocomp_jetcleaner_featured_frontpage.jpg\" class=\"attachment-large size-large wp-image-1466\" alt=\"\" loading=\"lazy\" srcset=\"https:\/\/eurocomp.se\/wp-content\/uploads\/2018\/05\/eurocomp_jetcleaner_featured_frontpage.jpg 750w, https:\/\/eurocomp.se\/wp-content\/uploads\/2018\/05\/eurocomp_jetcleaner_featured_frontpage-300x240.jpg 300w\" sizes=\"(max-width: 750px) 100vw, 750px\" \/>\t\t\t\t\t\t\t\t\t\t\t\t\t\t<\/div>\n\t\t\t\t\t\t<\/div>\n\t\t\t\t<\/div>\n\t\t\t\t\t\t<\/div>\n\t\t\t\t\t<\/div>\n\t\t<\/div>\n\t\t\t\t\t\t\t\t<\/div>\n\t\t\t\t\t<\/div>\n\t\t<\/section>\n\t\t\t\t\t\t\t\t\t<\/div>\n\t\t\t<\/div>\n\t\t\t\t\t<\/div>","protected":false},"excerpt":{"rendered":"<p>V\u00c5R METOD JETCLEANER-systemet bygger p\u00e5 den enkla principen att en torr projektil pressas med ca 8 bars lufttryck genom ett r\u00f6r eller en slang och tar med sig all smuts. L\u00e4ngder upp till flera hundra meter kan reng\u00f6ras beroende p\u00e5 kompressorns luftkapacitet. Anv\u00e4ndningen \u00e4r b\u00e5de enkel och tidseffektiv och metoden ger en dokumenterat effektiv reng\u00f6ring [&hellip;]<\/p>","protected":false},"author":1,"featured_media":0,"parent":0,"menu_order":0,"comment_status":"closed","ping_status":"closed","template":"","meta":{"inline_featured_image":false,"_mi_skip_tracking":false},"acf":[],"_links":{"self":[{"href":"https:\/\/eurocomp.se\/en\/wp-json\/wp\/v2\/pages\/1539"}],"collection":[{"href":"https:\/\/eurocomp.se\/en\/wp-json\/wp\/v2\/pages"}],"about":[{"href":"https:\/\/eurocomp.se\/en\/wp-json\/wp\/v2\/types\/page"}],"author":[{"embeddable":true,"href":"https:\/\/eurocomp.se\/en\/wp-json\/wp\/v2\/users\/1"}],"replies":[{"embeddable":true,"href":"https:\/\/eurocomp.se\/en\/wp-json\/wp\/v2\/comments?post=1539"}],"version-history":[{"count":21,"href":"https:\/\/eurocomp.se\/en\/wp-json\/wp\/v2\/pages\/1539\/revisions"}],"predecessor-version":[{"id":3654,"href":"https:\/\/eurocomp.se\/en\/wp-json\/wp\/v2\/pages\/1539\/revisions\/3654"}],"wp:attachment":[{"href":"https:\/\/eurocomp.se\/en\/wp-json\/wp\/v2\/media?parent=1539"}],"curies":[{"name":"wp","href":"https:\/\/api.w.org\/{rel}","templated":true}]}}